{"id":3249,"date":"2023-05-05T12:16:13","date_gmt":"2023-05-05T10:16:13","guid":{"rendered":"https:\/\/lacanadagolf.com\/legal-notice\/"},"modified":"2023-05-16T11:54:45","modified_gmt":"2023-05-16T09:54:45","slug":"legal-notice","status":"publish","type":"page","link":"https:\/\/lacanadagolf.com\/en\/legal-notice\/","title":{"rendered":"Legal Notice"},"content":{"rendered":"\t\t<div data-elementor-type=\"wp-page\" data-elementor-id=\"3249\" class=\"elementor elementor-3249 elementor-3202\" data-elementor-post-type=\"page\">\n\t\t\t\t\t\t<section class=\"elementor-section elementor-top-section elementor-element elementor-element-2a35d812 elementor-section-boxed elementor-section-height-default elementor-section-height-default wpr-particle-no wpr-jarallax-no wpr-parallax-no wpr-sticky-section-no\" data-id=\"2a35d812\" data-element_type=\"section\">\n\t\t\t\t\t\t<div class=\"elementor-container elementor-column-gap-default\">\n\t\t\t\t\t<div class=\"elementor-column elementor-col-100 elementor-top-column elementor-element elementor-element-342c4cd9\" data-id=\"342c4cd9\" data-element_type=\"column\">\n\t\t\t<div class=\"elementor-widget-wrap elementor-element-populated\">\n\t\t\t\t\t\t<div class=\"elementor-element elementor-element-3907783b elementor-widget elementor-widget-text-editor\" data-id=\"3907783b\" data-element_type=\"widget\" data-widget_type=\"text-editor.default\">\n\t\t\t\t\t\t\t\t\tAviso Legal\r\n\r\nEste sitio web es propiedad de La Ca\u00f1ada Golf, con domicilio social en Ctra de Guadiaro Km1, 11311 Guadiaro, San Roque (C\u00e1diz), Espa\u00f1a, y con n\u00famero de identificaci\u00f3n fiscal (NIF) B-12345678.\r\n\r\nEl acceso y uso de este sitio web se rige por las siguientes condiciones:\r\n<ol>\r\n \t<li>Propiedad Intelectual<\/li>\r\n<\/ol>\r\nEl contenido de este sitio web, incluyendo textos, im\u00e1genes, gr\u00e1ficos, sonidos, animaciones, software y otros elementos, est\u00e1 protegido por la legislaci\u00f3n de propiedad intelectual. Todos los derechos est\u00e1n reservados a La Ca\u00f1ada Golf o a sus respectivos titulares de derechos.\r\n<ol start=\"2\">\r\n \t<li>Uso del sitio web<\/li>\r\n<\/ol>\r\nEl acceso y uso de este sitio web es responsabilidad exclusiva del usuario. El usuario se compromete a utilizar este sitio web de manera diligente, correcta y l\u00edcita, de conformidad con la ley y las presentes condiciones.\r\n<ol start=\"3\">\r\n \t<li>Contenido y enlaces<\/li>\r\n<\/ol>\r\nLa Ca\u00f1ada Golf se reserva el derecho de modificar el contenido de este sitio web en cualquier momento y sin previo aviso. La Ca\u00f1ada Golf no asume ninguna responsabilidad por el contenido de sitios web externos vinculados a este sitio web mediante enlaces. El usuario accede a estos sitios web bajo su propia responsabilidad.\r\n<ol start=\"4\">\r\n \t<li>Responsabilidad<\/li>\r\n<\/ol>\r\nLa Ca\u00f1ada Golf no garantiza la disponibilidad, continuidad y fiabilidad del funcionamiento de este sitio web y no ser\u00e1 responsable de los da\u00f1os y perjuicios que puedan derivarse de la falta de disponibilidad o continuidad del sitio web o de la falta de utilidad que el usuario pueda atribuir al sitio web.\r\n<ol start=\"5\">\r\n \t<li>Pol\u00edtica de privacidad<\/li>\r\n<\/ol>\r\nLa Ca\u00f1ada Golf respeta la privacidad de sus usuarios. Consulte nuestra Pol\u00edtica de Privacidad para obtener m\u00e1s informaci\u00f3n sobre c\u00f3mo recopilamos, utilizamos y protegemos sus datos personales.\r\n<ol start=\"6\">\r\n \t<li>Ley aplicable y jurisdicci\u00f3n<\/li>\r\n<\/ol>\r\nLas presentes condiciones se rigen por la ley espa\u00f1ola. Cualquier controversia que pueda surgir en relaci\u00f3n con el acceso o uso de este sitio web se someter\u00e1 a los juzgados y tribunales de la ciudad de C\u00e1diz, renunciando expresamente las partes a cualquier otro fuero que pudiera corresponderles.\t\t\t\t\t\t\t\t<\/div>\n\t\t\t\t\t<\/div>\n\t\t<\/div>\n\t\t\t\t\t<\/div>\n\t\t<\/section>\n\t\t\t\t<\/div>\n\t\t","protected":false},"excerpt":{"rendered":"<p>Aviso Legal Este sitio web es propiedad de La Ca\u00f1ada Golf, con domicilio social en Ctra de Guadiaro [&hellip;]<\/p>\n","protected":false},"author":4,"featured_media":4882,"parent":0,"menu_order":0,"comment_status":"closed","ping_status":"closed","template":"","meta":{"footnotes":""},"class_list":["post-3249","page","type-page","status-publish","has-post-thumbnail","hentry"],"acf":[],"yoast_head":"<!-- This site is optimized with the Yoast SEO Premium plugin v20.9 (Yoast SEO v20.10) - https:\/\/yoast.com\/wordpress\/plugins\/seo\/ -->\n<title>Legal Notice - La Ca\u00f1ana Golf<\/title>\n<meta name=\"description\" content=\"Golf en Sotogrande, juega en uno de los mejores campos de Golf de la zona y muy pr\u00f3ximo a la Costa del Sol.\" \/>\n<meta name=\"robots\" content=\"index, follow, max-snippet:-1, max-image-preview:large, max-video-preview:-1\" \/>\n<link rel=\"canonical\" href=\"https:\/\/lacanadagolf.com\/en\/legal-notice\/\" \/>\n<meta property=\"og:locale\" content=\"en_US\" \/>\n<meta property=\"og:type\" content=\"article\" \/>\n<meta property=\"og:title\" content=\"Legal Notice\" \/>\n<meta property=\"og:description\" content=\"Golf en Sotogrande, juega en uno de los mejores campos de Golf de la zona y muy pr\u00f3ximo a la Costa del Sol.\" \/>\n<meta property=\"og:url\" content=\"https:\/\/lacanadagolf.com\/en\/legal-notice\/\" \/>\n<meta property=\"og:site_name\" content=\"La Ca\u00f1ana Golf\" \/>\n<meta property=\"article:modified_time\" content=\"2023-05-16T09:54:45+00:00\" \/>\n<meta property=\"og:image\" content=\"https:\/\/lacanadagolf.com\/wp-content\/uploads\/2023\/06\/Page-Header-3-oscuro.jpg\" \/>\n\t<meta property=\"og:image:width\" content=\"1917\" \/>\n\t<meta property=\"og:image:height\" content=\"789\" \/>\n\t<meta property=\"og:image:type\" content=\"image\/jpeg\" \/>\n<meta name=\"twitter:card\" content=\"summary_large_image\" \/>\n<meta name=\"twitter:label1\" content=\"Est. reading time\" \/>\n\t<meta name=\"twitter:data1\" content=\"2 minutes\" \/>\n<script type=\"application\/ld+json\" class=\"yoast-schema-graph\">{\"@context\":\"https:\/\/schema.org\",\"@graph\":[{\"@type\":\"WebPage\",\"@id\":\"https:\/\/lacanadagolf.com\/en\/legal-notice\/\",\"url\":\"https:\/\/lacanadagolf.com\/en\/legal-notice\/\",\"name\":\"Legal Notice - La Ca\u00f1ana Golf\",\"isPartOf\":{\"@id\":\"https:\/\/lacanadagolf.com\/#website\"},\"datePublished\":\"2023-05-05T10:16:13+00:00\",\"dateModified\":\"2023-05-16T09:54:45+00:00\",\"description\":\"Golf en Sotogrande, juega en uno de los mejores campos de Golf de la zona y muy pr\u00f3ximo a la Costa del Sol.\",\"breadcrumb\":{\"@id\":\"https:\/\/lacanadagolf.com\/en\/legal-notice\/#breadcrumb\"},\"inLanguage\":\"en-US\",\"potentialAction\":[{\"@type\":\"ReadAction\",\"target\":[\"https:\/\/lacanadagolf.com\/en\/legal-notice\/\"]}]},{\"@type\":\"BreadcrumbList\",\"@id\":\"https:\/\/lacanadagolf.com\/en\/legal-notice\/#breadcrumb\",\"itemListElement\":[{\"@type\":\"ListItem\",\"position\":1,\"name\":\"Home\",\"item\":\"https:\/\/lacanadagolf.com\/en\/\"},{\"@type\":\"ListItem\",\"position\":2,\"name\":\"Legal Notice\"}]},{\"@type\":\"WebSite\",\"@id\":\"https:\/\/lacanadagolf.com\/#website\",\"url\":\"https:\/\/lacanadagolf.com\/\",\"name\":\"Club de Golf La Ca\u00f1ada\",\"description\":\"Club de Golf La Ca\u00f1ada\",\"potentialAction\":[{\"@type\":\"SearchAction\",\"target\":{\"@type\":\"EntryPoint\",\"urlTemplate\":\"https:\/\/lacanadagolf.com\/?s={search_term_string}\"},\"query-input\":\"required name=search_term_string\"}],\"inLanguage\":\"en-US\"}]}<\/script>\n<!-- \/ Yoast SEO Premium plugin. -->","yoast_head_json":{"title":"Legal Notice - La Ca\u00f1ana Golf","description":"Golf en Sotogrande, juega en uno de los mejores campos de Golf de la zona y muy pr\u00f3ximo a la Costa del Sol.","robots":{"index":"index","follow":"follow","max-snippet":"max-snippet:-1","max-image-preview":"max-image-preview:large","max-video-preview":"max-video-preview:-1"},"canonical":"https:\/\/lacanadagolf.com\/en\/legal-notice\/","og_locale":"en_US","og_type":"article","og_title":"Legal Notice","og_description":"Golf en Sotogrande, juega en uno de los mejores campos de Golf de la zona y muy pr\u00f3ximo a la Costa del Sol.","og_url":"https:\/\/lacanadagolf.com\/en\/legal-notice\/","og_site_name":"La Ca\u00f1ana Golf","article_modified_time":"2023-05-16T09:54:45+00:00","og_image":[{"width":1917,"height":789,"url":"https:\/\/lacanadagolf.com\/wp-content\/uploads\/2023\/06\/Page-Header-3-oscuro.jpg","type":"image\/jpeg"}],"twitter_card":"summary_large_image","twitter_misc":{"Est. reading time":"2 minutes"},"schema":{"@context":"https:\/\/schema.org","@graph":[{"@type":"WebPage","@id":"https:\/\/lacanadagolf.com\/en\/legal-notice\/","url":"https:\/\/lacanadagolf.com\/en\/legal-notice\/","name":"Legal Notice - La Ca\u00f1ana Golf","isPartOf":{"@id":"https:\/\/lacanadagolf.com\/#website"},"datePublished":"2023-05-05T10:16:13+00:00","dateModified":"2023-05-16T09:54:45+00:00","description":"Golf en Sotogrande, juega en uno de los mejores campos de Golf de la zona y muy pr\u00f3ximo a la Costa del Sol.","breadcrumb":{"@id":"https:\/\/lacanadagolf.com\/en\/legal-notice\/#breadcrumb"},"inLanguage":"en-US","potentialAction":[{"@type":"ReadAction","target":["https:\/\/lacanadagolf.com\/en\/legal-notice\/"]}]},{"@type":"BreadcrumbList","@id":"https:\/\/lacanadagolf.com\/en\/legal-notice\/#breadcrumb","itemListElement":[{"@type":"ListItem","position":1,"name":"Home","item":"https:\/\/lacanadagolf.com\/en\/"},{"@type":"ListItem","position":2,"name":"Legal Notice"}]},{"@type":"WebSite","@id":"https:\/\/lacanadagolf.com\/#website","url":"https:\/\/lacanadagolf.com\/","name":"Club de Golf La Ca\u00f1ada","description":"Club de Golf La Ca\u00f1ada","potentialAction":[{"@type":"SearchAction","target":{"@type":"EntryPoint","urlTemplate":"https:\/\/lacanadagolf.com\/?s={search_term_string}"},"query-input":"required name=search_term_string"}],"inLanguage":"en-US"}]}},"_links":{"self":[{"href":"https:\/\/lacanadagolf.com\/en\/wp-json\/wp\/v2\/pages\/3249","targetHints":{"allow":["GET"]}}],"collection":[{"href":"https:\/\/lacanadagolf.com\/en\/wp-json\/wp\/v2\/pages"}],"about":[{"href":"https:\/\/lacanadagolf.com\/en\/wp-json\/wp\/v2\/types\/page"}],"author":[{"embeddable":true,"href":"https:\/\/lacanadagolf.com\/en\/wp-json\/wp\/v2\/users\/4"}],"replies":[{"embeddable":true,"href":"https:\/\/lacanadagolf.com\/en\/wp-json\/wp\/v2\/comments?post=3249"}],"version-history":[{"count":0,"href":"https:\/\/lacanadagolf.com\/en\/wp-json\/wp\/v2\/pages\/3249\/revisions"}],"wp:featuredmedia":[{"embeddable":true,"href":"https:\/\/lacanadagolf.com\/en\/wp-json\/wp\/v2\/media\/4882"}],"wp:attachment":[{"href":"https:\/\/lacanadagolf.com\/en\/wp-json\/wp\/v2\/media?parent=3249"}],"curies":[{"name":"wp","href":"https:\/\/api.w.org\/{rel}","templated":true}]}}